{"id":34,"date":"2020-09-17T15:09:54","date_gmt":"2020-09-17T15:09:54","guid":{"rendered":"http:\/\/fbkfabrik.com.mx\/?page_id=34"},"modified":"2020-10-27T22:21:04","modified_gmt":"2020-10-27T22:21:04","slug":"about-us","status":"publish","type":"page","link":"http:\/\/fbkfabrik.com.mx\/?page_id=34&lang=es","title":{"rendered":"About us"},"content":{"rendered":"<div class=\"post-content\">\n<p>\u00bfNecesitas servicios de <strong>dise\u00f1o de publicidad de escaparates o exhibidores<\/strong>? En<strong> FBK Fabrik <\/strong>tenemos justo a los especialistas que necesitas. Buscamos brindar servicios completamente profesionales enfocados en la resoluci\u00f3n de todas las necesidades de nuestros clientes, as\u00ed que ac\u00e9rcate con nosotros, dinos cu\u00e1les son tus requerimientos y te aseguramos que te daremos resultados satisfactorios.<\/p>\n\n\n\n<p>Toda empresa, negocio y art\u00edculo requiere de buena publicidad, es por lo que nuestra actividad principal est\u00e1 enfocada en la <strong>elaboraci\u00f3n de escaparates y stands <\/strong>para que puedas promocionar tus productos. Adem\u00e1s, manejamos escenarios y decoraciones enfocadas a la publicidad de tu negocio.<\/p>\n\n\n\n<p>Nuestro personal est\u00e1 enteramente capacitado para realizar dise\u00f1os espectaculares que beneficien tus productos. Adem\u00e1s, est\u00e1n actualizados para brindarte solo las \u00faltimas soluciones dentro del ramo del <strong>dise\u00f1o gr\u00e1fico<\/strong>. \u00bfNo est\u00e1s seguro de lo que es mejor para ti y tu negocio? No hay de qu\u00e9 preocuparse porque en <strong>FBK Fabrik <\/strong>podemos asesorarte de manera personalizada para conoces lo que necesitas.<\/p>\n\n\n\n<p>Los servicios que brindamos est\u00e1n avalados por la Certificaci\u00f3n en SEDEX, por el reconocimiento de HP Planet Partners y por la preferencia de un gran n\u00famero de clientes satisfechos quienes nos recomiendan.<\/p>\n\n\n\n<p>Tenemos m\u00e1s de 15 a\u00f1os de servicio, atenci\u00f3n y experiencia lo que nos permite colocarnos como l\u00edderes dentro del ramo. Nos encontramos en Canc\u00fan, Quintana Roo, pero la alta calidad de nuestros servicios nos permite atender a clientes en Ciudad Ju\u00e1rez, Guadalajara, Vallarta, Canad\u00e1, Las Vegas, Guatemala, Rep\u00fablica Dominicana, Nueva York, entre otros.<\/p>\n\n\n\n<p>Cont\u00e1ctenos, tenemos opciones de cr\u00e9dito con previo an\u00e1lisis del sitio y contamos con servicios de valor agregado. \u00a1Pregunta por ellos! Ponemos a tu alcance los medios de contacto de este espacio, ser\u00e1 un gusto atenderte.<\/p>\n<\/div>","protected":false},"excerpt":{"rendered":"<div class=\"entry-content-stat post-content\"><p>\u00bfNecesitas servicios de dise\u00f1o de publicidad de escaparates o exhibidores?<\/p>\n<\/div><a href=\"http:\/\/fbkfabrik.com.mx\/?page_id=34&#038;lang=es\">Read More<i class=\"fa fa-long-arrow-right\" aria-hidden=\"true\"><\/i><\/a>","protected":false},"author":1,"featured_media":0,"parent":0,"menu_order":0,"comment_status":"closed","ping_status":"closed","template":"","meta":{"footnotes":""},"class_list":["post-34","page","type-page","status-publish","hentry"],"rise-blocks_excerpt":"\u00bfNecesitas servicios de dise\u00f1o de publicidad de escaparates o exhibidores? En FBK Fabrik tenemos justo a los especialistas que necesitas. Buscamos brindar servicios completamente profesionales enfocados en la resoluci\u00f3n de todas las necesidades de nuestros clientes, as\u00ed que ac\u00e9rcate con nosotros, dinos cu\u00e1les son tus requerimientos y te aseguramos que te daremos resultados satisfactorios. Toda empresa, negocio y art\u00edculo requiere..","_links":{"self":[{"href":"http:\/\/fbkfabrik.com.mx\/index.php?rest_route=\/wp\/v2\/pages\/34","targetHints":{"allow":["GET"]}}],"collection":[{"href":"http:\/\/fbkfabrik.com.mx\/index.php?rest_route=\/wp\/v2\/pages"}],"about":[{"href":"http:\/\/fbkfabrik.com.mx\/index.php?rest_route=\/wp\/v2\/types\/page"}],"author":[{"embeddable":true,"href":"http:\/\/fbkfabrik.com.mx\/index.php?rest_route=\/wp\/v2\/users\/1"}],"replies":[{"embeddable":true,"href":"http:\/\/fbkfabrik.com.mx\/index.php?rest_route=%2Fwp%2Fv2%2Fcomments&post=34"}],"version-history":[{"count":3,"href":"http:\/\/fbkfabrik.com.mx\/index.php?rest_route=\/wp\/v2\/pages\/34\/revisions"}],"predecessor-version":[{"id":114,"href":"http:\/\/fbkfabrik.com.mx\/index.php?rest_route=\/wp\/v2\/pages\/34\/revisions\/114"}],"wp:attachment":[{"href":"http:\/\/fbkfabrik.com.mx\/index.php?rest_route=%2Fwp%2Fv2%2Fmedia&parent=34"}],"curies":[{"name":"wp","href":"https:\/\/api.w.org\/{rel}","templated":true}]}}