{"id":35,"date":"2020-09-17T15:09:54","date_gmt":"2020-09-17T15:09:54","guid":{"rendered":"http:\/\/fbkfabrik.com.mx\/?page_id=35"},"modified":"2020-10-27T00:05:54","modified_gmt":"2020-10-27T00:05:54","slug":"producst-and-services","status":"publish","type":"page","link":"http:\/\/fbkfabrik.com.mx\/?page_id=35","title":{"rendered":"Producst and Services"},"content":{"rendered":"<div class=\"post-content\">\n<p><strong>Conoce toda la variedad de servicios que te ofrecemos<\/strong><\/p>\n\n\n\n<ul class=\"wp-block-list\"><li>Dise\u00f1o gr\u00e1fico<\/li><li>Dise\u00f1o Industrial<\/li><li>Carpinter\u00eda<\/li><li>Elaboraci\u00f3n de escaparates<\/li><li>Exhibidores<\/li><li>Cajas luminosas<\/li><li>Rotulaci\u00f3n<\/li><li>Elaboraci\u00f3n de stand para convenciones<\/li><li>Elaboraci\u00f3n de escenarios para eventos masivos<\/li><li>Impresi\u00f3n digital (Backlite, Vinil adherible, lonas y m\u00e1s).<\/li><li>Se\u00f1alizaci\u00f3n<\/li><\/ul>\n<\/div>","protected":false},"excerpt":{"rendered":"<div class=\"entry-content-stat post-content\"><p>Conoce toda la variedad de servicios que te ofrecemos Dise\u00f1o<\/p>\n<\/div><a href=\"http:\/\/fbkfabrik.com.mx\/?page_id=35\">Read More<i class=\"fa fa-long-arrow-right\" aria-hidden=\"true\"><\/i><\/a>","protected":false},"author":1,"featured_media":0,"parent":0,"menu_order":0,"comment_status":"closed","ping_status":"closed","template":"","meta":{"footnotes":""},"class_list":["post-35","page","type-page","status-publish","hentry"],"rise-blocks_excerpt":"Conoce toda la variedad de servicios que te ofrecemos Dise\u00f1o gr\u00e1ficoDise\u00f1o IndustrialCarpinter\u00edaElaboraci\u00f3n de escaparatesExhibidoresCajas luminosasRotulaci\u00f3nElaboraci\u00f3n de stand para convencionesElaboraci\u00f3n de escenarios para eventos masivosImpresi\u00f3n digital (Backlite, Vinil adherible, lonas y m\u00e1s).Se\u00f1alizaci\u00f3n","_links":{"self":[{"href":"http:\/\/fbkfabrik.com.mx\/index.php?rest_route=\/wp\/v2\/pages\/35","targetHints":{"allow":["GET"]}}],"collection":[{"href":"http:\/\/fbkfabrik.com.mx\/index.php?rest_route=\/wp\/v2\/pages"}],"about":[{"href":"http:\/\/fbkfabrik.com.mx\/index.php?rest_route=\/wp\/v2\/types\/page"}],"author":[{"embeddable":true,"href":"http:\/\/fbkfabrik.com.mx\/index.php?rest_route=\/wp\/v2\/users\/1"}],"replies":[{"embeddable":true,"href":"http:\/\/fbkfabrik.com.mx\/index.php?rest_route=%2Fwp%2Fv2%2Fcomments&post=35"}],"version-history":[{"count":2,"href":"http:\/\/fbkfabrik.com.mx\/index.php?rest_route=\/wp\/v2\/pages\/35\/revisions"}],"predecessor-version":[{"id":80,"href":"http:\/\/fbkfabrik.com.mx\/index.php?rest_route=\/wp\/v2\/pages\/35\/revisions\/80"}],"wp:attachment":[{"href":"http:\/\/fbkfabrik.com.mx\/index.php?rest_route=%2Fwp%2Fv2%2Fmedia&parent=35"}],"curies":[{"name":"wp","href":"https:\/\/api.w.org\/{rel}","templated":true}]}}