{"id":36,"date":"2020-09-17T15:09:54","date_gmt":"2020-09-17T15:09:54","guid":{"rendered":"http:\/\/fbkfabrik.com.mx\/?page_id=36"},"modified":"2020-09-17T16:31:18","modified_gmt":"2020-09-17T16:31:18","slug":"contact-us","status":"publish","type":"page","link":"http:\/\/fbkfabrik.com.mx\/?page_id=36","title":{"rendered":"Contact us"},"content":{"rendered":"<div class=\"post-content\">\n<p>Whether you are planning a event, decoration, renew your store, ori f you only need a design for your special event or promotion, we\u2019d like to hear from you, we have the expertise, let us help you with your project. Here is how to get in touch with us.<\/p>\n\n\n\n<p>Lic. Ra\u00fal Osorio  *  Managing Director  *  raul@fbkmx.com  *  Ph: +52 998 8867547<\/p>\n\n\n\n<p>Lic. Mar\u00eda Jos\u00e9 Castro  *  Commercial Director  *  mariajose@fbkmx.com  *  Ph: +52 998 8867547<\/p>\n\n\n\n<p>Lic. Carolina Castro  *  Logistic &amp; Administration Manager  *  carolina@fbkmx.com  *  Ph: +52 998 8867547 ext. 104<\/p>\n\n\n\n<p><strong>General Information:<\/strong> carolina@fbkmx.com  *  Ph +52 998 886 75 47  *  Whatsapp +52 998 264 6907  *  Av. Oxactun con Calle 22 Mza. 58 Lote 14 Regi\u00f3n 95, Canc\u00fan, Q. Roo, M\u00e9xico C.P. 77534<\/p>\n\n\n\n<div class=\"wp-block-group is-layout-flow wp-block-group-is-layout-flow\"><div class=\"wp-block-group__inner-container\"><\/div><\/div>\n\n\n\n<p><\/p>\n<\/div>","protected":false},"excerpt":{"rendered":"<div class=\"entry-content-stat post-content\"><p>Whether you are planning a event, decoration, renew your store,<\/p>\n<\/div><a href=\"http:\/\/fbkfabrik.com.mx\/?page_id=36\">Read More<i class=\"fa fa-long-arrow-right\" aria-hidden=\"true\"><\/i><\/a>","protected":false},"author":1,"featured_media":0,"parent":0,"menu_order":0,"comment_status":"closed","ping_status":"closed","template":"","meta":{"footnotes":""},"class_list":["post-36","page","type-page","status-publish","hentry"],"rise-blocks_excerpt":"Whether you are planning a event, decoration, renew your store, ori f you only need a design for your special event or promotion, we\u2019d like to hear from you, we have the expertise, let us help you with your project. Here is how to get in touch with us. Lic. Ra\u00fal Osorio * Managing Director * raul@fbkmx.com * Ph: +52..","_links":{"self":[{"href":"http:\/\/fbkfabrik.com.mx\/index.php?rest_route=\/wp\/v2\/pages\/36","targetHints":{"allow":["GET"]}}],"collection":[{"href":"http:\/\/fbkfabrik.com.mx\/index.php?rest_route=\/wp\/v2\/pages"}],"about":[{"href":"http:\/\/fbkfabrik.com.mx\/index.php?rest_route=\/wp\/v2\/types\/page"}],"author":[{"embeddable":true,"href":"http:\/\/fbkfabrik.com.mx\/index.php?rest_route=\/wp\/v2\/users\/1"}],"replies":[{"embeddable":true,"href":"http:\/\/fbkfabrik.com.mx\/index.php?rest_route=%2Fwp%2Fv2%2Fcomments&post=36"}],"version-history":[{"count":5,"href":"http:\/\/fbkfabrik.com.mx\/index.php?rest_route=\/wp\/v2\/pages\/36\/revisions"}],"predecessor-version":[{"id":70,"href":"http:\/\/fbkfabrik.com.mx\/index.php?rest_route=\/wp\/v2\/pages\/36\/revisions\/70"}],"wp:attachment":[{"href":"http:\/\/fbkfabrik.com.mx\/index.php?rest_route=%2Fwp%2Fv2%2Fmedia&parent=36"}],"curies":[{"name":"wp","href":"https:\/\/api.w.org\/{rel}","templated":true}]}}